{"id":7254,"date":"2026-02-11T16:20:33","date_gmt":"2026-02-11T16:20:33","guid":{"rendered":"https:\/\/thesocialleadershipcoach.ssquarestech.com\/?post_type=product&#038;p=7254"},"modified":"2026-02-19T18:33:46","modified_gmt":"2026-02-19T18:33:46","slug":"una-democracia-feliz-guia-de-facilitacion","status":"publish","type":"product","link":"https:\/\/thesocialleadershipcoach.ssquarestech.com\/es\/producto\/una-democracia-feliz-guia-de-facilitacion\/","title":{"rendered":"Una Democracia Feliz &#8211; Gu\u00eda de Facilitaci\u00f3n"},"content":{"rendered":"<p data-start=\"50\" data-end=\"239\">Ya sea que te unas a un c\u00edrculo organizado a trav\u00e9s de la Iniciativa de Coaching para una Democracia Feliz o que re\u00fanas a tu propia gente para reflexionar en conjunto, este espacio es para ti.<\/p>\n<p data-start=\"246\" data-end=\"721\">Estos c\u00edrculos existen para crear un espacio de descanso, conversaci\u00f3n honesta y renovaci\u00f3n \u2014por el bien del trabajo que hacemos y por el bien de nuestra integridad como personas. Creemos que las conversaciones peque\u00f1as y aut\u00e9nticas pueden generar un gran impacto. Que desacelerar juntas puede conducir a una mayor claridad, una conexi\u00f3n m\u00e1s profunda y un liderazgo m\u00e1s sostenible. Y que cuando reflexionamos en comunidad, recordamos que no estamos solas ni solos.<\/p>\n<p data-start=\"728\" data-end=\"800\">El c\u00edrculo ofrece un espacio de apoyo para explorar los temas del libro.<\/p>\n","protected":false},"excerpt":{"rendered":"<p>Este libro tambi\u00e9n est\u00e1 disponible de manera gratuita en nuestra secci\u00f3n de <a href=\"https:\/\/thesocialleadershipcoach.ssquarestech.com\/es\/libros\/\">Libros.<\/a><\/p>\n<p>Si quieres colaborar con nuestro trabajo y ayudarnos a crear m\u00e1s recursos, puedes comprarlo aqu\u00ed como una peque\u00f1a contribuci\u00f3n.<\/p>\n<p>Muchas gracias!<\/p>\n","protected":false},"featured_media":7246,"comment_status":"open","ping_status":"closed","template":"","meta":{"site-sidebar-layout":"default","site-content-layout":"","ast-site-content-layout":"default","site-content-style":"default","site-sidebar-style":"default","ast-global-header-display":"","ast-banner-title-visibility":"","ast-main-header-display":"","ast-hfb-above-header-display":"","ast-hfb-below-header-display":"","ast-hfb-mobile-header-display":"","site-post-title":"","ast-breadcrumbs-content":"","ast-featured-img":"","footer-sml-layout":"","ast-disable-related-posts":"","theme-transparent-header-meta":"default","adv-header-id-meta":"","stick-header-meta":"","header-above-stick-meta":"","header-main-stick-meta":"","header-below-stick-meta":"","astra-migrate-meta-layouts":"set","ast-page-background-enabled":"default","ast-page-background-meta":{"desktop":{"background-color":"var(--ast-global-color-5)","background-image":"","background-repeat":"repeat","background-position":"center center","background-size":"auto","background-attachment":"scroll","background-type":"","background-media":"","overlay-type":"","overlay-color":"","overlay-opacity":"","overlay-gradient":""},"tablet":{"background-color":"","background-image":"","background-repeat":"repeat","background-position":"center center","background-size":"auto","background-attachment":"scroll","background-type":"","background-media":"","overlay-type":"","overlay-color":"","overlay-opacity":"","overlay-gradient":""},"mobile":{"background-color":"","background-image":"","background-repeat":"repeat","background-position":"center center","background-size":"auto","background-attachment":"scroll","background-type":"","background-media":"","overlay-type":"","overlay-color":"","overlay-opacity":"","overlay-gradient":""}},"ast-content-background-meta":{"desktop":{"background-color":"var(--ast-global-color-4)","background-image":"","background-repeat":"repeat","background-position":"center center","background-size":"auto","background-attachment":"scroll","background-type":"","background-media":"","overlay-type":"","overlay-color":"","overlay-opacity":"","overlay-gradient":""},"tablet":{"background-color":"var(--ast-global-color-4)","background-image":"","background-repeat":"repeat","background-position":"center center","background-size":"auto","background-attachment":"scroll","background-type":"","background-media":"","overlay-type":"","overlay-color":"","overlay-opacity":"","overlay-gradient":""},"mobile":{"background-color":"var(--ast-global-color-4)","background-image":"","background-repeat":"repeat","background-position":"center center","background-size":"auto","background-attachment":"scroll","background-type":"","background-media":"","overlay-type":"","overlay-color":"","overlay-opacity":"","overlay-gradient":""}}},"product_brand":[],"product_cat":[474],"product_tag":[],"class_list":{"0":"post-7254","1":"product","2":"type-product","3":"status-publish","4":"has-post-thumbnail","6":"product_cat-libros","7":"desktop-align-left","8":"tablet-align-left","9":"mobile-align-left","11":"first","12":"instock","13":"downloadable","14":"virtual","15":"purchasable","16":"product-type-simple"},"_links":{"self":[{"href":"https:\/\/thesocialleadershipcoach.ssquarestech.com\/es\/wp-json\/wp\/v2\/product\/7254","targetHints":{"allow":["GET"]}}],"collection":[{"href":"https:\/\/thesocialleadershipcoach.ssquarestech.com\/es\/wp-json\/wp\/v2\/product"}],"about":[{"href":"https:\/\/thesocialleadershipcoach.ssquarestech.com\/es\/wp-json\/wp\/v2\/types\/product"}],"replies":[{"embeddable":true,"href":"https:\/\/thesocialleadershipcoach.ssquarestech.com\/es\/wp-json\/wp\/v2\/comments?post=7254"}],"wp:featuredmedia":[{"embeddable":true,"href":"https:\/\/thesocialleadershipcoach.ssquarestech.com\/es\/wp-json\/wp\/v2\/media\/7246"}],"wp:attachment":[{"href":"https:\/\/thesocialleadershipcoach.ssquarestech.com\/es\/wp-json\/wp\/v2\/media?parent=7254"}],"wp:term":[{"taxonomy":"product_brand","embeddable":true,"href":"https:\/\/thesocialleadershipcoach.ssquarestech.com\/es\/wp-json\/wp\/v2\/product_brand?post=7254"},{"taxonomy":"product_cat","embeddable":true,"href":"https:\/\/thesocialleadershipcoach.ssquarestech.com\/es\/wp-json\/wp\/v2\/product_cat?post=7254"},{"taxonomy":"product_tag","embeddable":true,"href":"https:\/\/thesocialleadershipcoach.ssquarestech.com\/es\/wp-json\/wp\/v2\/product_tag?post=7254"}],"curies":[{"name":"wp","href":"https:\/\/api.w.org\/{rel}","templated":true}]}}