{"id":6246,"date":"2025-11-14T06:30:27","date_gmt":"2025-11-14T06:30:27","guid":{"rendered":"https:\/\/thesocialleadershipcoach.ssquarestech.com\/products-2\/"},"modified":"2026-02-24T16:33:47","modified_gmt":"2026-02-24T16:33:47","slug":"tienda-2","status":"publish","type":"page","link":"https:\/\/thesocialleadershipcoach.ssquarestech.com\/es\/tienda-2\/","title":{"rendered":"Tienda"},"content":{"rendered":"\t\t<div data-elementor-type=\"wp-page\" data-elementor-id=\"6246\" class=\"elementor elementor-6246 elementor-5988\" data-elementor-post-type=\"page\">\n\t\t\t\t\t\t<section class=\"elementor-section elementor-top-section elementor-element elementor-element-0160cb6 elementor-section-height-min-height elementor-section-content-middle elementor-section-boxed elementor-section-height-default elementor-section-items-middle\" data-id=\"0160cb6\" data-element_type=\"section\" data-e-type=\"section\" data-settings=\"{&quot;background_background&quot;:&quot;classic&quot;}\">\n\t\t\t\t\t\t\t<div class=\"elementor-background-overlay\"><\/div>\n\t\t\t\t\t\t\t<div class=\"elementor-container elementor-column-gap-no\">\n\t\t\t\t\t<div class=\"elementor-column elementor-col-100 elementor-top-column elementor-element elementor-element-04f3cf9\" data-id=\"04f3cf9\" data-element_type=\"column\" data-e-type=\"column\" data-settings=\"{&quot;background_background&quot;:&quot;classic&quot;}\">\n\t\t\t<div class=\"elementor-widget-wrap elementor-element-populated\">\n\t\t\t\t\t\t<div class=\"elementor-element elementor-element-90c72f2 elementor-widget-divider--separator-type-pattern elementor-widget-divider--view-line elementor-widget elementor-widget-divider\" data-id=\"90c72f2\" data-element_type=\"widget\" data-e-type=\"widget\" data-widget_type=\"divider.default\">\n\t\t\t\t<div class=\"elementor-widget-container\">\n\t\t\t\t\t\t\t<div class=\"elementor-divider\" style=\"--divider-pattern-url: url(&quot;data:image\/svg+xml,%3Csvg xmlns=&#039;http:\/\/www.w3.org\/2000\/svg&#039; preserveAspectRatio=&#039;none&#039; overflow=&#039;visible&#039; height=&#039;100%&#039; viewBox=&#039;0 0 24 24&#039; fill=&#039;none&#039; stroke=&#039;black&#039; stroke-width=&#039;4&#039; stroke-linecap=&#039;square&#039; stroke-miterlimit=&#039;10&#039;%3E%3Cpolyline points=&#039;0,18 12,6 24,18 &#039;\/%3E%3C\/svg%3E&quot;);\">\n\t\t\t<span class=\"elementor-divider-separator\">\n\t\t\t\t\t\t<\/span>\n\t\t<\/div>\n\t\t\t\t\t\t<\/div>\n\t\t\t\t<\/div>\n\t\t\t\t<div class=\"elementor-element elementor-element-b0628c4 elementor-widget__width-initial elementor-widget elementor-widget-heading\" data-id=\"b0628c4\" data-element_type=\"widget\" data-e-type=\"widget\" data-widget_type=\"heading.default\">\n\t\t\t\t<div class=\"elementor-widget-container\">\n\t\t\t\t\t<h1 class=\"elementor-heading-title elementor-size-default\">TIENDA<\/h1>\t\t\t\t<\/div>\n\t\t\t\t<\/div>\n\t\t\t\t<div class=\"elementor-element elementor-element-19a12a7 elementor-widget elementor-widget-text-editor\" data-id=\"19a12a7\" data-element_type=\"widget\" data-e-type=\"widget\" data-widget_type=\"text-editor.default\">\n\t\t\t\t<div class=\"elementor-widget-container\">\n\t\t\t\t\t\t\t\t\t<p>Productos creados con cuidado, para el trabajo que importa<\/p>\t\t\t\t\t\t\t\t<\/div>\n\t\t\t\t<\/div>\n\t\t\t\t\t<\/div>\n\t\t<\/div>\n\t\t\t\t\t<\/div>\n\t\t<\/section>\n\t\t<div class=\"elementor-element elementor-element-1f31f4c e-flex e-con-boxed e-con e-parent\" data-id=\"1f31f4c\" data-element_type=\"container\" data-e-type=\"container\">\n\t\t\t\t\t<div class=\"e-con-inner\">\n\t\t<div class=\"elementor-element elementor-element-a8b2a0c e-con-full e-flex e-con e-child\" data-id=\"a8b2a0c\" data-element_type=\"container\" data-e-type=\"container\">\n\t\t\t\t<div class=\"elementor-element elementor-element-454f37e elementor-widget-divider--separator-type-pattern elementor-widget-divider--view-line elementor-widget elementor-widget-divider\" data-id=\"454f37e\" data-element_type=\"widget\" data-e-type=\"widget\" data-widget_type=\"divider.default\">\n\t\t\t\t<div class=\"elementor-widget-container\">\n\t\t\t\t\t\t\t<div class=\"elementor-divider\" style=\"--divider-pattern-url: url(&quot;data:image\/svg+xml,%3Csvg xmlns=&#039;http:\/\/www.w3.org\/2000\/svg&#039; preserveAspectRatio=&#039;none&#039; overflow=&#039;visible&#039; height=&#039;100%&#039; viewBox=&#039;0 0 24 24&#039; fill=&#039;none&#039; stroke=&#039;black&#039; stroke-width=&#039;4&#039; stroke-linecap=&#039;square&#039; stroke-miterlimit=&#039;10&#039;%3E%3Cpolyline points=&#039;0,18 12,6 24,18 &#039;\/%3E%3C\/svg%3E&quot;);\">\n\t\t\t<span class=\"elementor-divider-separator\">\n\t\t\t\t\t\t<\/span>\n\t\t<\/div>\n\t\t\t\t\t\t<\/div>\n\t\t\t\t<\/div>\n\t\t\t\t<div class=\"elementor-element elementor-element-cd38b44 elementor-widget elementor-widget-heading\" data-id=\"cd38b44\" data-element_type=\"widget\" data-e-type=\"widget\" data-widget_type=\"heading.default\">\n\t\t\t\t<div class=\"elementor-widget-container\">\n\t\t\t\t\t<h3 class=\"elementor-heading-title elementor-size-default\">Libros, gu\u00edas y herramientas para apoyar tu liderazgo desde el interior hacia afuera.<\/h3>\t\t\t\t<\/div>\n\t\t\t\t<\/div>\n\t\t\t\t<div class=\"elementor-element elementor-element-49ad978 elementor-widget elementor-widget-text-editor\" data-id=\"49ad978\" data-element_type=\"widget\" data-e-type=\"widget\" data-widget_type=\"text-editor.default\">\n\t\t\t\t<div class=\"elementor-widget-container\">\n\t\t\t\t\t\t\t\t\t<p data-start=\"66\" data-end=\"333\">Todo lo que encontrar\u00e1s aqu\u00ed surge de conversaciones reales, preguntas reales y necesidades reales que hemos observado en las personas a quienes acompa\u00f1amos y ense\u00f1amos.<\/p><p data-start=\"335\" data-end=\"495\">Nada de esto es relleno. Cada recurso est\u00e1 pensado para ayudarte a encontrar claridad, generar cambios y mantenerte enraizada en lo que realmente importa.<\/p>\t\t\t\t\t\t\t\t<\/div>\n\t\t\t\t<\/div>\n\t\t\t\t<\/div>\n\t\t<div class=\"elementor-element elementor-element-beaab07 e-con-full e-flex e-con e-child\" data-id=\"beaab07\" data-element_type=\"container\" data-e-type=\"container\" data-settings=\"{&quot;background_background&quot;:&quot;classic&quot;}\">\n\t\t\t\t<div class=\"elementor-element elementor-element-449fdd6 elementor-widget elementor-widget-spacer\" data-id=\"449fdd6\" data-element_type=\"widget\" data-e-type=\"widget\" data-widget_type=\"spacer.default\">\n\t\t\t\t<div class=\"elementor-widget-container\">\n\t\t\t\t\t\t\t<div class=\"elementor-spacer\">\n\t\t\t<div class=\"elementor-spacer-inner\"><\/div>\n\t\t<\/div>\n\t\t\t\t\t\t<\/div>\n\t\t\t\t<\/div>\n\t\t\t\t<\/div>\n\t\t\t\t\t<\/div>\n\t\t\t\t<\/div>\n\t\t<div class=\"elementor-element elementor-element-c97aa67 e-grid e-con-boxed e-con e-parent\" data-id=\"c97aa67\" data-element_type=\"container\" data-e-type=\"container\">\n\t\t\t\t\t<div class=\"e-con-inner\">\n\t\t<div class=\"elementor-element elementor-element-704b064 e-con-full e-flex e-con e-child\" data-id=\"704b064\" data-element_type=\"container\" data-e-type=\"container\" data-settings=\"{&quot;background_background&quot;:&quot;gradient&quot;}\">\n\t\t\t\t<div class=\"elementor-element elementor-element-e2a998b elementor-position-left elementor-position-top elementor-vertical-align-top elementor-widget elementor-widget-image-box\" data-id=\"e2a998b\" data-element_type=\"widget\" data-e-type=\"widget\" data-widget_type=\"image-box.default\">\n\t\t\t\t<div class=\"elementor-widget-container\">\n\t\t\t\t\t<div class=\"elementor-image-box-wrapper\"><figure class=\"elementor-image-box-img\"><a href=\"https:\/\/thesocialleadershipcoach.ssquarestech.com\/product-category\/libros\/\" tabindex=\"-1\"><img fetchpriority=\"high\" decoding=\"async\" width=\"256\" height=\"256\" src=\"https:\/\/thesocialleadershipcoach.ssquarestech.com\/wp-content\/uploads\/2025\/07\/book-club.png\" class=\"attachment-full size-full wp-image-5384\" alt=\"\" title=\"\" srcset=\"https:\/\/thesocialleadershipcoach.ssquarestech.com\/wp-content\/uploads\/2025\/07\/book-club.png 256w, https:\/\/thesocialleadershipcoach.ssquarestech.com\/wp-content\/uploads\/2025\/07\/book-club-150x150.png 150w, https:\/\/thesocialleadershipcoach.ssquarestech.com\/wp-content\/uploads\/2025\/07\/book-club-100x100.png 100w\" sizes=\"(max-width: 256px) 100vw, 256px\" \/><\/a><\/figure><div class=\"elementor-image-box-content\"><h3 class=\"elementor-image-box-title\"><a href=\"https:\/\/thesocialleadershipcoach.ssquarestech.com\/product-category\/libros\/\">Libros<\/a><\/h3><\/div><\/div>\t\t\t\t<\/div>\n\t\t\t\t<\/div>\n\t\t\t\t<div class=\"elementor-element elementor-element-004a412 elementor-widget__width-initial elementor-vertical-align-top elementor-widget elementor-widget-image-box\" data-id=\"004a412\" data-element_type=\"widget\" data-e-type=\"widget\" data-widget_type=\"image-box.default\">\n\t\t\t\t<div class=\"elementor-widget-container\">\n\t\t\t\t\t<div class=\"elementor-image-box-wrapper\"><div class=\"elementor-image-box-content\"><h4 class=\"elementor-image-box-title\"><a href=\"https:\/\/thesocialleadershipcoach.ssquarestech.com\/es\/producto\/la-alegria-tambien-es-resistencia\/\">La Alegr\u00eda Tambi\u00e9n Es Resistencia: Una gu\u00eda para sostenerte y sostener en el trabajo por la justicia (by Gloria &amp; Cristina Custodio)<\/a><\/h4><p class=\"elementor-image-box-description\">Un libro para quienes sostienen todo \u2014 y se preguntan cu\u00e1nto podr\u00e1n seguir as\u00ed.\nParte reflexi\u00f3n. Parte permiso para ti misma. Todo coraz\u00f3n.<\/p><\/div><\/div>\t\t\t\t<\/div>\n\t\t\t\t<\/div>\n\t\t\t\t<\/div>\n\t\t<div class=\"elementor-element elementor-element-baa6eab e-con-full e-flex e-con e-child\" data-id=\"baa6eab\" data-element_type=\"container\" data-e-type=\"container\" data-settings=\"{&quot;background_background&quot;:&quot;gradient&quot;}\">\n\t\t<div class=\"elementor-element elementor-element-b1938c1 e-con-full e-flex e-con e-child\" data-id=\"b1938c1\" data-element_type=\"container\" data-e-type=\"container\">\n\t\t\t\t<div class=\"elementor-element elementor-element-12446e3 elementor-vertical-align-middle elementor-widget elementor-widget-image-box\" data-id=\"12446e3\" data-element_type=\"widget\" data-e-type=\"widget\" data-widget_type=\"image-box.default\">\n\t\t\t\t<div class=\"elementor-widget-container\">\n\t\t\t\t\t<div class=\"elementor-image-box-wrapper\"><div class=\"elementor-image-box-content\"><h3 class=\"elementor-image-box-title\">Gu\u00edas de Trabajo<\/h3><\/div><\/div>\t\t\t\t<\/div>\n\t\t\t\t<\/div>\n\t\t\t\t<div class=\"elementor-element elementor-element-330bfb2 elementor-vertical-align-top elementor-widget elementor-widget-image-box\" data-id=\"330bfb2\" data-element_type=\"widget\" data-e-type=\"widget\" data-widget_type=\"image-box.default\">\n\t\t\t\t<div class=\"elementor-widget-container\">\n\t\t\t\t\t<div class=\"elementor-image-box-wrapper\"><div class=\"elementor-image-box-content\"><h4 class=\"elementor-image-box-title\"><a href=\"https:\/\/thesocialleadershipcoach.ssquarestech.com\/es\/producto\/una-democracia-feliz-guia-de-facilitacion\/\">Una Democracia Feliz - Gu\u00eda de Facilitaci\u00f3n<\/a><\/h4><p class=\"elementor-image-box-description\">Ejercicios, indicaciones y espacio para journaling cap\u00edtulo por cap\u00edtulo, para ayudarte a pasar de la reflexi\u00f3n a la acci\u00f3n alineada.<\/p><\/div><\/div>\t\t\t\t<\/div>\n\t\t\t\t<\/div>\n\t\t\t\t<\/div>\n\t\t<div class=\"elementor-element elementor-element-a07b910 e-con-full e-flex e-con e-child\" data-id=\"a07b910\" data-element_type=\"container\" data-e-type=\"container\">\n\t\t\t\t<div class=\"elementor-element elementor-element-0926e13 elementor-widget elementor-widget-heading\" data-id=\"0926e13\" data-element_type=\"widget\" data-e-type=\"widget\" data-widget_type=\"heading.default\">\n\t\t\t\t<div class=\"elementor-widget-container\">\n\t\t\t\t\t<h6 class=\"elementor-heading-title elementor-size-default\">Serie de Mini Gu\u00edas <\/br>(Pr\u00f3ximamente)<\/h6>\t\t\t\t<\/div>\n\t\t\t\t<\/div>\n\t\t\t\t<div class=\"elementor-element elementor-element-aa73880 elementor-widget elementor-widget-text-editor\" data-id=\"aa73880\" data-element_type=\"widget\" data-e-type=\"widget\" data-widget_type=\"text-editor.default\">\n\t\t\t\t<div class=\"elementor-widget-container\">\n\t\t\t\t\t\t\t\t\t<p>Gu\u00edas breves e imprimibles sobre:<\/p>\t\t\t\t\t\t\t\t<\/div>\n\t\t\t\t<\/div>\n\t\t\t\t<div class=\"elementor-element elementor-element-29dc8b1 elementor-align-start elementor-tablet-align-center elementor-mobile-align-start elementor-icon-list--layout-traditional elementor-list-item-link-full_width elementor-widget elementor-widget-icon-list\" data-id=\"29dc8b1\" data-element_type=\"widget\" data-e-type=\"widget\" data-widget_type=\"icon-list.default\">\n\t\t\t\t<div class=\"elementor-widget-container\">\n\t\t\t\t\t\t\t<ul class=\"elementor-icon-list-items\">\n\t\t\t\t\t\t\t<li class=\"elementor-icon-list-item\">\n\t\t\t\t\t\t\t\t\t\t\t<span class=\"elementor-icon-list-icon\">\n\t\t\t\t\t\t\t<i aria-hidden=\"true\" class=\"icon icon-checked1\"><\/i>\t\t\t\t\t\t<\/span>\n\t\t\t\t\t\t\t\t\t\t<span class=\"elementor-icon-list-text\">L\u00edmites con coraz\u00f3n<\/span>\n\t\t\t\t\t\t\t\t\t<\/li>\n\t\t\t\t\t\t\t\t<li class=\"elementor-icon-list-item\">\n\t\t\t\t\t\t\t\t\t\t\t<span class=\"elementor-icon-list-icon\">\n\t\t\t\t\t\t\t<i aria-hidden=\"true\" class=\"icon icon-checked1\"><\/i>\t\t\t\t\t\t<\/span>\n\t\t\t\t\t\t\t\t\t\t<span class=\"elementor-icon-list-text\">Prop\u00f3sito alegre<\/span>\n\t\t\t\t\t\t\t\t\t<\/li>\n\t\t\t\t\t\t\t\t<li class=\"elementor-icon-list-item\">\n\t\t\t\t\t\t\t\t\t\t\t<span class=\"elementor-icon-list-icon\">\n\t\t\t\t\t\t\t<i aria-hidden=\"true\" class=\"icon icon-checked1\"><\/i>\t\t\t\t\t\t<\/span>\n\t\t\t\t\t\t\t\t\t\t<span class=\"elementor-icon-list-text\">Coaching con alma<\/span>\n\t\t\t\t\t\t\t\t\t<\/li>\n\t\t\t\t\t\t<\/ul>\n\t\t\t\t\t\t<\/div>\n\t\t\t\t<\/div>\n\t\t\t\t<div class=\"elementor-element elementor-element-1b6d3f3 elementor-widget elementor-widget-text-editor\" data-id=\"1b6d3f3\" data-element_type=\"widget\" data-e-type=\"widget\" data-widget_type=\"text-editor.default\">\n\t\t\t\t<div class=\"elementor-widget-container\">\n\t\t\t\t\t\t\t\t\t<p>Perfectos para equipos, retiros o tus propias ma\u00f1anas de calma y reflexi\u00f3n.<\/p>\t\t\t\t\t\t\t\t<\/div>\n\t\t\t\t<\/div>\n\t\t\t\t<\/div>\n\t\t\t\t<\/div>\n\t\t<div class=\"elementor-element elementor-element-03d6da6 e-con-full e-flex e-con e-child\" data-id=\"03d6da6\" data-element_type=\"container\" data-e-type=\"container\" data-settings=\"{&quot;background_background&quot;:&quot;gradient&quot;}\">\n\t\t\t\t<div class=\"elementor-element elementor-element-83723b3 elementor-vertical-align-top elementor-widget elementor-widget-image-box\" data-id=\"83723b3\" data-element_type=\"widget\" data-e-type=\"widget\" data-widget_type=\"image-box.default\">\n\t\t\t\t<div class=\"elementor-widget-container\">\n\t\t\t\t\t<div class=\"elementor-image-box-wrapper\"><div class=\"elementor-image-box-content\"><h3 class=\"elementor-image-box-title\"><a href=\"https:\/\/thesocialleadershipcoach.ssquarestech.com\/product-category\/merch\/\">Merch (Pr\u00f3ximamente)<\/a><\/h3><p class=\"elementor-image-box-description\">Estamos creando merch peque\u00f1o y significativo que inspire reflexi\u00f3n y conexi\u00f3n.\nPiensa en: tarjetas con afirmaciones, tazas con preguntas que importan, accesorios que te recuerden tu valor.<\/p><\/div><\/div>\t\t\t\t<\/div>\n\t\t\t\t<\/div>\n\t\t\t\t<\/div>\n\t\t<div class=\"elementor-element elementor-element-f09263a e-con-full e-flex e-con e-child\" data-id=\"f09263a\" data-element_type=\"container\" data-e-type=\"container\" data-settings=\"{&quot;background_background&quot;:&quot;gradient&quot;}\">\n\t\t\t\t<div class=\"elementor-element elementor-element-bda0a4d elementor-vertical-align-top elementor-widget elementor-widget-image-box\" data-id=\"bda0a4d\" data-element_type=\"widget\" data-e-type=\"widget\" data-widget_type=\"image-box.default\">\n\t\t\t\t<div class=\"elementor-widget-container\">\n\t\t\t\t\t<div class=\"elementor-image-box-wrapper\"><div class=\"elementor-image-box-content\"><h3 class=\"elementor-image-box-title\"><a href=\"https:\/\/mentoria.coachcai.ai\/\" target=\"_blank\" rel=\"noopener\">Coach CAI<\/a><\/h3><p class=\"elementor-image-box-description\">\u00bfNecesitas ayuda para desarrollar tus habilidades como coach?\nDescubre a nuestra Compa\u00f1era de Pr\u00e1ctica asistida por IA, entrenada por la Master Certified Coach (MCC) Cristina Custodio.<\/p><\/div><\/div>\t\t\t\t<\/div>\n\t\t\t\t<\/div>\n\t\t\t\t<\/div>\n\t\t\t\t\t<\/div>\n\t\t\t\t<\/div>\n\t\t<div class=\"elementor-element elementor-element-90827c2 e-flex e-con-boxed e-con e-parent\" data-id=\"90827c2\" data-element_type=\"container\" data-e-type=\"container\">\n\t\t\t\t\t<div class=\"e-con-inner\">\n\t\t<div class=\"elementor-element elementor-element-0cf6359 e-con-full e-flex e-con e-child\" data-id=\"0cf6359\" data-element_type=\"container\" data-e-type=\"container\" data-settings=\"{&quot;background_background&quot;:&quot;classic&quot;}\">\n\t\t\t\t<div class=\"elementor-element elementor-element-ea8caee elementor-view-stacked elementor-shape-circle elementor-widget elementor-widget-icon\" data-id=\"ea8caee\" data-element_type=\"widget\" data-e-type=\"widget\" data-widget_type=\"icon.default\">\n\t\t\t\t<div class=\"elementor-widget-container\">\n\t\t\t\t\t\t\t<div class=\"elementor-icon-wrapper\">\n\t\t\t<div class=\"elementor-icon\">\n\t\t\t<i aria-hidden=\"true\" class=\"icon icon-pushpin\"><\/i>\t\t\t<\/div>\n\t\t<\/div>\n\t\t\t\t\t\t<\/div>\n\t\t\t\t<\/div>\n\t\t<div class=\"elementor-element elementor-element-7753512 e-con-full e-flex e-con e-child\" data-id=\"7753512\" data-element_type=\"container\" data-e-type=\"container\">\n\t\t\t\t<div class=\"elementor-element elementor-element-bdff044 elementor-widget elementor-widget-heading\" data-id=\"bdff044\" data-element_type=\"widget\" data-e-type=\"widget\" data-widget_type=\"heading.default\">\n\t\t\t\t<div class=\"elementor-widget-container\">\n\t\t\t\t\t<h4 class=\"elementor-heading-title elementor-size-default\">\u00bfQuieres ser de las primeras?<\/h4>\t\t\t\t<\/div>\n\t\t\t\t<\/div>\n\t\t\t\t<div class=\"elementor-element elementor-element-fdab5a6 elementor-widget elementor-widget-text-editor\" data-id=\"fdab5a6\" data-element_type=\"widget\" data-e-type=\"widget\" data-widget_type=\"text-editor.default\">\n\t\t\t\t<div class=\"elementor-widget-container\">\n\t\t\t\t\t\t\t\t\t<p>Obt\u00e9n acceso anticipado a nuevos lanzamientos, descuentos en paquetes y extras exclusivos para la comunidad.<\/p>\t\t\t\t\t\t\t\t<\/div>\n\t\t\t\t<\/div>\n\t\t\t\t<div class=\"elementor-element elementor-element-1c3d04b elementor-mobile-align-center elementor-align-center elementor-widget elementor-widget-button\" data-id=\"1c3d04b\" data-element_type=\"widget\" data-e-type=\"widget\" data-widget_type=\"button.default\">\n\t\t\t\t<div class=\"elementor-widget-container\">\n\t\t\t\t\t\t\t\t\t<div class=\"elementor-button-wrapper\">\n\t\t\t\t\t<a class=\"elementor-button elementor-button-link elementor-size-sm\" href=\"https:\/\/thesocialleadershipcoach.ssquarestech.com\/es\/join-us\/\">\n\t\t\t\t\t\t<span class=\"elementor-button-content-wrapper\">\n\t\t\t\t\t\t\t\t\t<span class=\"elementor-button-text\">\u00danete a nuestro bolet\u00edn<\/span>\n\t\t\t\t\t<\/span>\n\t\t\t\t\t<\/a>\n\t\t\t\t<\/div>\n\t\t\t\t\t\t\t\t<\/div>\n\t\t\t\t<\/div>\n\t\t\t\t<div class=\"elementor-element elementor-element-84ad58c elementor-tablet-align-center elementor-mobile-align-center elementor-align-center elementor-icon-list--layout-traditional elementor-list-item-link-full_width elementor-widget elementor-widget-icon-list\" data-id=\"84ad58c\" data-element_type=\"widget\" data-e-type=\"widget\" data-widget_type=\"icon-list.default\">\n\t\t\t\t<div class=\"elementor-widget-container\">\n\t\t\t\t\t\t\t<ul class=\"elementor-icon-list-items\">\n\t\t\t\t\t\t\t<li class=\"elementor-icon-list-item\">\n\t\t\t\t\t\t\t\t\t\t\t<a href=\"https:\/\/thesocialleadershipcoach.ssquarestech.com\/es\/libros\/\">\n\n\t\t\t\t\t\t\t\t\t\t\t\t<span class=\"elementor-icon-list-icon\">\n\t\t\t\t\t\t\t<svg aria-hidden=\"true\" class=\"e-font-icon-svg e-far-hand-point-right\" viewBox=\"0 0 512 512\" xmlns=\"http:\/\/www.w3.org\/2000\/svg\"><path d=\"M428.8 137.6h-86.177a115.52 115.52 0 0 0 2.176-22.4c0-47.914-35.072-83.2-92-83.2-45.314 0-57.002 48.537-75.707 78.784-7.735 12.413-16.994 23.317-25.851 33.253l-.131.146-.129.148C135.662 161.807 127.764 168 120.8 168h-2.679c-5.747-4.952-13.536-8-22.12-8H32c-17.673 0-32 12.894-32 28.8v230.4C0 435.106 14.327 448 32 448h64c8.584 0 16.373-3.048 22.12-8h2.679c28.688 0 67.137 40 127.2 40h21.299c62.542 0 98.8-38.658 99.94-91.145 12.482-17.813 18.491-40.785 15.985-62.791A93.148 93.148 0 0 0 393.152 304H428.8c45.435 0 83.2-37.584 83.2-83.2 0-45.099-38.101-83.2-83.2-83.2zm0 118.4h-91.026c12.837 14.669 14.415 42.825-4.95 61.05 11.227 19.646 1.687 45.624-12.925 53.625 6.524 39.128-10.076 61.325-50.6 61.325H248c-45.491 0-77.21-35.913-120-39.676V215.571c25.239-2.964 42.966-21.222 59.075-39.596 11.275-12.65 21.725-25.3 30.799-39.875C232.355 112.712 244.006 80 252.8 80c23.375 0 44 8.8 44 35.2 0 35.2-26.4 53.075-26.4 70.4h158.4c18.425 0 35.2 16.5 35.2 35.2 0 18.975-16.225 35.2-35.2 35.2zM88 384c0 13.255-10.745 24-24 24s-24-10.745-24-24 10.745-24 24-24 24 10.745 24 24z\"><\/path><\/svg>\t\t\t\t\t\t<\/span>\n\t\t\t\t\t\t\t\t\t\t<span class=\"elementor-icon-list-text\">M\u00e1s sobre nuestros libros<\/span>\n\t\t\t\t\t\t\t\t\t\t\t<\/a>\n\t\t\t\t\t\t\t\t\t<\/li>\n\t\t\t\t\t\t<\/ul>\n\t\t\t\t\t\t<\/div>\n\t\t\t\t<\/div>\n\t\t\t\t<\/div>\n\t\t\t\t<\/div>\n\t\t\t\t\t<\/div>\n\t\t\t\t<\/div>\n\t\t\t\t<\/div>\n\t\t","protected":false},"excerpt":{"rendered":"<p>TIENDA Productos creados con cuidado, para el trabajo que importa Libros, gu\u00edas y herramientas para apoyar tu liderazgo desde el [&hellip;]<\/p>\n","protected":false},"author":1,"featured_media":0,"parent":0,"menu_order":0,"comment_status":"closed","ping_status":"closed","template":"","meta":{"site-sidebar-layout":"no-sidebar","site-content-layout":"","ast-site-content-layout":"full-width-container","site-content-style":"default","site-sidebar-style":"default","ast-global-header-display":"","ast-banner-title-visibility":"","ast-main-header-display":"","ast-hfb-above-header-display":"","ast-hfb-below-header-display":"","ast-hfb-mobile-header-display":"","site-post-title":"","ast-breadcrumbs-content":"","ast-featured-img":"disabled","footer-sml-layout":"","ast-disable-related-posts":"","theme-transparent-header-meta":"default","adv-header-id-meta":"","stick-header-meta":"","header-above-stick-meta":"","header-main-stick-meta":"","header-below-stick-meta":"","astra-migrate-meta-layouts":"set","ast-page-background-enabled":"default","ast-page-background-meta":{"desktop":{"background-color":"var(--ast-global-color-5)","background-image":"","background-repeat":"repeat","background-position":"center center","background-size":"auto","background-attachment":"scroll","background-type":"","background-media":"","overlay-type":"","overlay-color":"","overlay-opacity":"","overlay-gradient":""},"tablet":{"background-color":"","background-image":"","background-repeat":"repeat","background-position":"center center","background-size":"auto","background-attachment":"scroll","background-type":"","background-media":"","overlay-type":"","overlay-color":"","overlay-opacity":"","overlay-gradient":""},"mobile":{"background-color":"","background-image":"","background-repeat":"repeat","background-position":"center center","background-size":"auto","background-attachment":"scroll","background-type":"","background-media":"","overlay-type":"","overlay-color":"","overlay-opacity":"","overlay-gradient":""}},"ast-content-background-meta":{"desktop":{"background-color":"var(--ast-global-color-4)","background-image":"","background-repeat":"repeat","background-position":"center center","background-size":"auto","background-attachment":"scroll","background-type":"","background-media":"","overlay-type":"","overlay-color":"","overlay-opacity":"","overlay-gradient":""},"tablet":{"background-color":"var(--ast-global-color-4)","background-image":"","background-repeat":"repeat","background-position":"center center","background-size":"auto","background-attachment":"scroll","background-type":"","background-media":"","overlay-type":"","overlay-color":"","overlay-opacity":"","overlay-gradient":""},"mobile":{"background-color":"var(--ast-global-color-4)","background-image":"","background-repeat":"repeat","background-position":"center center","background-size":"auto","background-attachment":"scroll","background-type":"","background-media":"","overlay-type":"","overlay-color":"","overlay-opacity":"","overlay-gradient":""}},"footnotes":""},"class_list":["post-6246","page","type-page","status-publish","hentry"],"_links":{"self":[{"href":"https:\/\/thesocialleadershipcoach.ssquarestech.com\/es\/wp-json\/wp\/v2\/pages\/6246","targetHints":{"allow":["GET"]}}],"collection":[{"href":"https:\/\/thesocialleadershipcoach.ssquarestech.com\/es\/wp-json\/wp\/v2\/pages"}],"about":[{"href":"https:\/\/thesocialleadershipcoach.ssquarestech.com\/es\/wp-json\/wp\/v2\/types\/page"}],"author":[{"embeddable":true,"href":"https:\/\/thesocialleadershipcoach.ssquarestech.com\/es\/wp-json\/wp\/v2\/users\/1"}],"replies":[{"embeddable":true,"href":"https:\/\/thesocialleadershipcoach.ssquarestech.com\/es\/wp-json\/wp\/v2\/comments?post=6246"}],"version-history":[{"count":0,"href":"https:\/\/thesocialleadershipcoach.ssquarestech.com\/es\/wp-json\/wp\/v2\/pages\/6246\/revisions"}],"wp:attachment":[{"href":"https:\/\/thesocialleadershipcoach.ssquarestech.com\/es\/wp-json\/wp\/v2\/media?parent=6246"}],"curies":[{"name":"wp","href":"https:\/\/api.w.org\/{rel}","templated":true}]}}