{"id":5420,"date":"2025-09-24T16:24:08","date_gmt":"2025-09-24T16:24:08","guid":{"rendered":"https:\/\/thesocialleadershipcoach.ssquarestech.com\/join-us\/"},"modified":"2026-04-01T04:10:58","modified_gmt":"2026-04-01T04:10:58","slug":"join-us","status":"publish","type":"page","link":"https:\/\/thesocialleadershipcoach.ssquarestech.com\/es\/join-us\/","title":{"rendered":"Join Us"},"content":{"rendered":"\t\t<div data-elementor-type=\"wp-page\" data-elementor-id=\"5420\" class=\"elementor elementor-5420 elementor-4857\" data-elementor-post-type=\"page\">\n\t\t\t\t<div class=\"elementor-element elementor-element-c260a75 e-flex e-con-boxed e-con e-parent\" data-id=\"c260a75\" data-element_type=\"container\" data-e-type=\"container\">\n\t\t\t\t\t<div class=\"e-con-inner\">\n\t\t<div class=\"elementor-element elementor-element-997e482 e-flex e-con-boxed e-con e-child\" data-id=\"997e482\" data-element_type=\"container\" data-e-type=\"container\">\n\t\t\t\t\t<div class=\"e-con-inner\">\n\t\t<div class=\"elementor-element elementor-element-41d75e9 e-con-full elementor-hidden-mobile e-flex e-con e-child\" data-id=\"41d75e9\" data-element_type=\"container\" data-e-type=\"container\">\n\t\t\t\t<\/div>\n\t\t<div class=\"elementor-element elementor-element-c11678a e-con-full e-flex e-con e-child\" data-id=\"c11678a\" data-element_type=\"container\" data-e-type=\"container\">\n\t\t\t\t<div class=\"elementor-element elementor-element-6cf8e62 elementor-widget elementor-widget-heading\" data-id=\"6cf8e62\" data-element_type=\"widget\" data-e-type=\"widget\" data-widget_type=\"heading.default\">\n\t\t\t\t<div class=\"elementor-widget-container\">\n\t\t\t\t\t<h3 class=\"elementor-heading-title elementor-size-default\">\u00danete ahora<\/h3>\t\t\t\t<\/div>\n\t\t\t\t<\/div>\n\t\t\t\t<div class=\"elementor-element elementor-element-5a67a45 elementor-widget elementor-widget-html\" data-id=\"5a67a45\" data-element_type=\"widget\" data-e-type=\"widget\" data-widget_type=\"html.default\">\n\t\t\t\t<div class=\"elementor-widget-container\">\n\t\t\t\t\t<!-- Begin Mailchimp Signup Form -->\n<div id=\"mc_embed_shell\">\n  <link href=\"\/\/cdn-images.mailchimp.com\/embedcode\/classic-061523.css\" rel=\"stylesheet\" type=\"text\/css\">\n\n  <style type=\"text\/css\">\n    #mc_embed_signup { background:#fff; clear:left; font:14px Helvetica,Arial,sans-serif; width:600px; }\n\n    \/* Checkboxes y radios: tama\u00f1o de clic uniforme, alineaci\u00f3n vertical perfecta *\/\n    #mc-embedded-subscribe-form input[type=checkbox],\n    #mc-embedded-subscribe-form input[type=radio] {\n      display:inline-block;\n      width:18px;\n      height:18px;\n      vertical-align: middle; \n      margin-right:8px;\n      position: relative;\n      top: 0;\n      cursor: pointer;\n    }\n\n    \/* Labels de radios y checkboxes *\/\n    .mc-field-group.input-group ul li label,\n    #mergeRow-gdpr .mc_fieldset label.checkbox,\n    #mergeRow-gdpr .mc_fieldset label.checkbox .subfield span {\n      margin-left: 0.25em; \n      vertical-align: middle;\n      font-family: Helvetica, Arial, sans-serif;\n      font-size: 14px;\n      line-height:1.3;\n      cursor: pointer;\n    }\n\n    #mc-embedded-subscribe-form .mc_fieldset { border:none; min-height:0; padding-bottom:0; }\n\n    .mc-field-group.input-group ul { list-style:none; padding-left:0; margin:6px 0 0 !important; }\n    .mc-field-group.input-group ul li { margin-bottom:6px; }\n\n    \/* Ajuste de Permisos de comunicaci\u00f3n *\/\n    #mergeRow-gdpr { margin-top:8px !important; }\n    #mergeRow-gdpr .content__gdpr > label,\n    #mergeRow-gdpr .content__gdpr > p {\n      margin-left:0 !important;\n      font-family: Helvetica, Arial, sans-serif;\n      font-size:14px;\n      line-height:1.3;\n    }\n\n    \/* Espacio extra despu\u00e9s de la \u00faltima opci\u00f3n de permisos *\/\n    #mergeRow-gdpr .mc_fieldset .checkbox.subfield:last-child {\n      margin-bottom: 12px !important;\n    }\n\n    \/* Texto de baja: m\u00e1s peque\u00f1o e italic *\/\n    #mergeRow-gdpr .content__gdpr > p:last-of-type,\n    #mergeRow-gdpr .content__gdpr + .content__gdprLegal p {\n      font-size: 12px;\n      font-style: italic;\n      margin-top: 8px; \/* espacio entre los p\u00e1rrafos *\/\n      margin-bottom: 0;\n      font-family: Helvetica, Arial, sans-serif;\n    }\n\n    #mergeRow-gdpr .mc_fieldset { margin-top:4px !important; padding-top:0 !important; }\n    #mergeRow-gdpr .mc_fieldset .checkbox.subfield,\n    #mergeRow-gdpr .mc_fieldset label.checkbox { display:block !important; margin:6px 0 !important; padding-left:0; }\n\n    #mc-embedded-subscribe-form .response { margin-top:8px; }\n\n    \/* Bot\u00f3n *\/\n    #mc-embedded-subscribe {\n      background-color: #ef598b !important; \n      border: none !important;\n      color: #fff !important;\n      padding: 12px 28px !important;\n      font-size: 16px !important;\n      font-family: inherit !important;\n      border-radius: 4px !important;\n      cursor: pointer;\n      display: inline-flex !important;\n      align-items: center !important;\n      justify-content: center !important;\n      min-height:44px !important;\n      line-height:1 !important;\n      box-sizing: border-box !important;\n    }\n    #mc-embedded-subscribe:hover {\n      background-color: #ffb913 !important;\n      color: #000 !important;\n    }\n\n    @media (max-width:480px){\n      #mc-embedded-subscribe{ width:100% !important; padding-left:16px !important; padding-right:16px !important; }\n    }\n  <\/style>\n\n  <div id=\"mc_embed_signup\">\n    <form action=\"https:\/\/thesocialleadershipcoach.us7.list-manage.com\/subscribe\/post?u=09fcb5ff657f8c7d8800a1c7d&amp;id=a36a1c293b&amp;v_id=4936&amp;f_id=007944e4f0\" method=\"post\" id=\"mc-embedded-subscribe-form\" name=\"mc-embedded-subscribe-form\" class=\"validate\" target=\"_blank\" novalidate>\n      <div id=\"mc_embed_signup_scroll\">\n        <h2>Suscr\u00edbete a la newsletter de The Social Leadership Coach<\/h2>\n        <div class=\"indicates-required\"><span class=\"asterisk\">*<\/span> indica requerido<\/div>\n\n        <!-- Email -->\n        <div class=\"mc-field-group\">\n          <label for=\"mce-EMAIL\">Correo electr\u00f3nico <span class=\"asterisk\">*<\/span><\/label>\n          <input type=\"email\" value=\"\" name=\"EMAIL\" class=\"required email\" id=\"mce-EMAIL\" required>\n        <\/div>\n\n        <!-- First Name -->\n        <div class=\"mc-field-group\">\n          <label for=\"mce-FNAME\">Nombre <span class=\"asterisk\">*<\/span><\/label>\n          <input type=\"text\" value=\"\" name=\"FNAME\" class=\"required text\" id=\"mce-FNAME\" required>\n        <\/div>\n\n        <!-- Last Name -->\n        <div class=\"mc-field-group\">\n          <label for=\"mce-LNAME\">Apellido <span class=\"asterisk\">*<\/span><\/label>\n          <input type=\"text\" value=\"\" name=\"LNAME\" class=\"required text\" id=\"mce-LNAME\" required>\n        <\/div>\n\n        <!-- I identify as -->\n        <div class=\"mc-field-group input-group\">\n          <strong>Me identifico como (puedes elegir m\u00e1s de uno)<\/strong>\n          <ul>\n            <li><input type=\"checkbox\" name=\"group[383273][1]\" id=\"mce-group[383273]-383273-0\" value=\"\"><label for=\"mce-group[383273]-383273-0\">Coach<\/label><\/li>\n            <li><input type=\"checkbox\" name=\"group[383273][2]\" id=\"mce-group[383273]-383273-1\" value=\"\"><label for=\"mce-group[383273]-383273-1\">Impulsora de cambios<\/label><\/li>\n            <li><input type=\"checkbox\" name=\"group[383273][4]\" id=\"mce-group[383273]-383273-2\" value=\"\"><label for=\"mce-group[383273]-383273-2\">Mujer en la mitad de la vida \/ No binario<\/label><\/li>\n          <\/ul>\n        <\/div>\n\n        <!-- Preferred Language -->\n        <div class=\"mc-field-group input-group\">\n          <strong>Idioma preferido<\/strong>\n          <ul>\n            <li><input type=\"radio\" name=\"group[383274]\" id=\"mce-group[383274]-383274-0\" value=\"8\"><label for=\"mce-group[383274]-383274-0\">Ingl\u00e9s<\/label><\/li>\n            <li><input type=\"radio\" name=\"group[383274]\" id=\"mce-group[383274]-383274-1\" value=\"16\"><label for=\"mce-group[383274]-383274-1\">Espa\u00f1ol<\/label><\/li>\n          <\/ul>\n        <\/div>\n\n        <!-- Marketing Permissions -->\n        <div id=\"mergeRow-gdpr\" class=\"mergeRow gdpr-mergeRow content__gdprBlock mc-field-group\">\n          <div class=\"content__gdpr\">\n            <label>Permisos de comunicaci\u00f3n<\/label>\n            <p>Selecciona c\u00f3mo te gustar\u00eda recibir noticias de Cristina M. Custodio Mendez:<\/p>\n            <fieldset class=\"mc_fieldset gdprRequired mc-field-group\" name=\"interestgroup_field\">\n              <label class=\"checkbox subfield\" for=\"gdpr16989\"><input type=\"checkbox\" id=\"gdpr_16989\" name=\"gdpr[16989]\" class=\"gdpr\" value=\"Y\"><span>Email<\/span><\/label>\n              <label class=\"checkbox subfield\" for=\"gdpr16993\"><input type=\"checkbox\" id=\"gdpr_16993\" name=\"gdpr[16993]\" class=\"gdpr\" value=\"Y\"><span>Correo postal<\/span><\/label>\n              <label class=\"checkbox subfield\" for=\"gdpr16997\"><input type=\"checkbox\" id=\"gdpr_16997\" name=\"gdpr[16997]\" class=\"gdpr\" value=\"Y\"><span>Publicidad online personalizada<\/span><\/label>\n            <\/fieldset>\n            <p>Puedes darte de baja en cualquier momento haciendo clic en el enlace al final de nuestros emails. Para m\u00e1s informaci\u00f3n sobre nuestras pr\u00e1cticas de privacidad, visita nuestra web.<\/p>\n          <\/div>\n          <div class=\"content__gdprLegal\">\n            <p>Usamos Mailchimp como nuestra plataforma de marketing. Al hacer clic abajo para suscribirte, aceptas que tu informaci\u00f3n ser\u00e1 transferida a Mailchimp para su procesamiento. <a href=\"https:\/\/mailchimp.com\/legal\/terms\" target=\"_blank\" rel=\"noopener\">M\u00e1s informaci\u00f3n<\/a> sobre las pr\u00e1cticas de privacidad de Mailchimp.<\/p>\n          <\/div>\n        <\/div>\n\n        <!-- Hidden bot field -->\n        <div aria-hidden=\"true\" style=\"position: absolute; left: -5000px;\">\n          <input type=\"text\" name=\"b_09fcb5ff657f8c7d8800a1c7d_a36a1c293b\" tabindex=\"-1\" value=\"\">\n        <\/div>\n\n        <!-- Button -->\n        <div class=\"optionalParent\">\n          <div class=\"clear foot\">\n            <input type=\"submit\" name=\"subscribe\" id=\"mc-embedded-subscribe\" class=\"button\" value=\"Suscr\u00edbete\">\n          <\/div>\n        <\/div>\n\n        <!-- Responses -->\n        <div id=\"mce-responses\" class=\"clear foot\">\n          <div class=\"response\" id=\"mce-error-response\" style=\"display:none\"><\/div>\n          <div class=\"response\" id=\"mce-success-response\" style=\"display:none\"><\/div>\n        <\/div>\n\n      <\/div>\n    <\/form>\n  <\/div>\n\n  <script type=\"text\/javascript\" src=\"\/\/s3.amazonaws.com\/downloads.mailchimp.com\/js\/mc-validate.js\"><\/script>\n<\/div>\n<!--End mc_embed_signup-->\t\t\t\t<\/div>\n\t\t\t\t<\/div>\n\t\t\t\t<\/div>\n\t\t<div class=\"elementor-element elementor-element-a7163da e-con-full elementor-hidden-mobile e-flex e-con e-child\" data-id=\"a7163da\" data-element_type=\"container\" data-e-type=\"container\">\n\t\t\t\t<\/div>\n\t\t\t\t\t<\/div>\n\t\t\t\t<\/div>\n\t\t\t\t\t<\/div>\n\t\t\t\t<\/div>\n\t\t\t\t<\/div>\n\t\t","protected":false},"excerpt":{"rendered":"<p>\u00danete ahora Suscr\u00edbete a la newsletter de The Social Leadership Coach * indica requerido Correo electr\u00f3nico * Nombre * Apellido [&hellip;]<\/p>\n","protected":false},"author":13,"featured_media":0,"parent":0,"menu_order":0,"comment_status":"closed","ping_status":"closed","template":"","meta":{"site-sidebar-layout":"no-sidebar","site-content-layout":"","ast-site-content-layout":"full-width-container","site-content-style":"default","site-sidebar-style":"default","ast-global-header-display":"","ast-banner-title-visibility":"","ast-main-header-display":"","ast-hfb-above-header-display":"","ast-hfb-below-header-display":"","ast-hfb-mobile-header-display":"","site-post-title":"","ast-breadcrumbs-content":"","ast-featured-img":"disabled","footer-sml-layout":"","ast-disable-related-posts":"","theme-transparent-header-meta":"","adv-header-id-meta":"","stick-header-meta":"","header-above-stick-meta":"","header-main-stick-meta":"","header-below-stick-meta":"","astra-migrate-meta-layouts":"default","ast-page-background-enabled":"default","ast-page-background-meta":{"desktop":{"background-color":"var(--ast-global-color-5)","background-image":"","background-repeat":"repeat","background-position":"center center","background-size":"auto","background-attachment":"scroll","background-type":"","background-media":"","overlay-type":"","overlay-color":"","overlay-opacity":"","overlay-gradient":""},"tablet":{"background-color":"","background-image":"","background-repeat":"repeat","background-position":"center center","background-size":"auto","background-attachment":"scroll","background-type":"","background-media":"","overlay-type":"","overlay-color":"","overlay-opacity":"","overlay-gradient":""},"mobile":{"background-color":"","background-image":"","background-repeat":"repeat","background-position":"center center","background-size":"auto","background-attachment":"scroll","background-type":"","background-media":"","overlay-type":"","overlay-color":"","overlay-opacity":"","overlay-gradient":""}},"ast-content-background-meta":{"desktop":{"background-color":"var(--ast-global-color-4)","background-image":"","background-repeat":"repeat","background-position":"center center","background-size":"auto","background-attachment":"scroll","background-type":"","background-media":"","overlay-type":"","overlay-color":"","overlay-opacity":"","overlay-gradient":""},"tablet":{"background-color":"var(--ast-global-color-4)","background-image":"","background-repeat":"repeat","background-position":"center center","background-size":"auto","background-attachment":"scroll","background-type":"","background-media":"","overlay-type":"","overlay-color":"","overlay-opacity":"","overlay-gradient":""},"mobile":{"background-color":"var(--ast-global-color-4)","background-image":"","background-repeat":"repeat","background-position":"center center","background-size":"auto","background-attachment":"scroll","background-type":"","background-media":"","overlay-type":"","overlay-color":"","overlay-opacity":"","overlay-gradient":""}},"footnotes":""},"class_list":["post-5420","page","type-page","status-publish","hentry"],"_links":{"self":[{"href":"https:\/\/thesocialleadershipcoach.ssquarestech.com\/es\/wp-json\/wp\/v2\/pages\/5420","targetHints":{"allow":["GET"]}}],"collection":[{"href":"https:\/\/thesocialleadershipcoach.ssquarestech.com\/es\/wp-json\/wp\/v2\/pages"}],"about":[{"href":"https:\/\/thesocialleadershipcoach.ssquarestech.com\/es\/wp-json\/wp\/v2\/types\/page"}],"author":[{"embeddable":true,"href":"https:\/\/thesocialleadershipcoach.ssquarestech.com\/es\/wp-json\/wp\/v2\/users\/13"}],"replies":[{"embeddable":true,"href":"https:\/\/thesocialleadershipcoach.ssquarestech.com\/es\/wp-json\/wp\/v2\/comments?post=5420"}],"version-history":[{"count":87,"href":"https:\/\/thesocialleadershipcoach.ssquarestech.com\/es\/wp-json\/wp\/v2\/pages\/5420\/revisions"}],"predecessor-version":[{"id":8511,"href":"https:\/\/thesocialleadershipcoach.ssquarestech.com\/es\/wp-json\/wp\/v2\/pages\/5420\/revisions\/8511"}],"wp:attachment":[{"href":"https:\/\/thesocialleadershipcoach.ssquarestech.com\/es\/wp-json\/wp\/v2\/media?parent=5420"}],"curies":[{"name":"wp","href":"https:\/\/api.w.org\/{rel}","templated":true}]}}